{"id":727,"date":"2020-06-04T12:15:48","date_gmt":"2020-06-04T10:15:48","guid":{"rendered":"https:\/\/www.sott-media.de\/kunden\/kunde11\/?page_id=727"},"modified":"2023-10-11T13:24:10","modified_gmt":"2023-10-11T11:24:10","slug":"contactos","status":"publish","type":"page","link":"https:\/\/www.eurasia-con.com\/es\/contactos\/","title":{"rendered":"Ponte en contacto"},"content":{"rendered":"\n<style type=\"text\/css\" data-created_by=\"avia_inline_auto\" id=\"style-css-av-93flj-8f15ef3ce4d747f9d284c5b199aa9846\">\n#top .av-special-heading.av-93flj-8f15ef3ce4d747f9d284c5b199aa9846{\npadding-bottom:10px;\n}\nbody .av-special-heading.av-93flj-8f15ef3ce4d747f9d284c5b199aa9846 .av-special-heading-tag .heading-char{\nfont-size:25px;\n}\n.av-special-heading.av-93flj-8f15ef3ce4d747f9d284c5b199aa9846 .av-subheading{\nfont-size:15px;\n}\n<\/style>\n<div  class='av-special-heading av-93flj-8f15ef3ce4d747f9d284c5b199aa9846 av-special-heading-h1  avia-builder-el-0  el_before_av_one_half  avia-builder-el-first '><h1 class='av-special-heading-tag '  itemprop=\"headline\"  >Contactos<\/h1><div class=\"special-heading-border\"><div class=\"special-heading-inner-border\"><\/div><\/div><\/div>\n\n<style type=\"text\/css\" data-created_by=\"avia_inline_auto\" id=\"style-css-av-3ym1p-3c1697aa71831f31933515e6fa3c53db\">\n.flex_column.av-3ym1p-3c1697aa71831f31933515e6fa3c53db{\nborder-radius:0px 0px 0px 0px;\npadding:0px 0px 0px 0px;\n}\n<\/style>\n<div  class='flex_column av-3ym1p-3c1697aa71831f31933515e6fa3c53db av_one_half  avia-builder-el-1  el_after_av_heading  el_before_av_one_half  first flex_column_div av-zero-column-padding  '     ><section  class='av_textblock_section av-14f19-d88abd861ef1b67ec21848e7fc3eb5d1 '   itemscope=\"itemscope\" itemtype=\"https:\/\/schema.org\/CreativeWork\" ><div class='avia_textblock'  itemprop=\"text\" ><p><strong>eurasia-consult\u00ae<\/strong><\/p>\n<p>Eiffestra\u00dfe 68<br \/>\n20537 Hamburgo \/ Alemania<\/p>\n<p>Tel\u00e9fono: +49-40-1898.4223<\/p>\n<p>Correo electr\u00f3nico: info@eurasia-con.com<\/p>\n<\/div><\/section><\/div>\n\n<style type=\"text\/css\" data-created_by=\"avia_inline_auto\" id=\"style-css-av-y6lhh-140117ddcb3db36c7b3cf7061f040679\">\n.flex_column.av-y6lhh-140117ddcb3db36c7b3cf7061f040679{\nborder-radius:0px 0px 0px 0px;\npadding:0px 0px 0px 0px;\n}\n<\/style>\n<div  class='flex_column av-y6lhh-140117ddcb3db36c7b3cf7061f040679 av_one_half  avia-builder-el-3  el_after_av_one_half  avia-builder-el-last  flex_column_div av-zero-column-padding  '     ><section  class='av_textblock_section av-lnlnxyor-9a79e5b61d7b313cdc9cdb6161aed546 '   itemscope=\"itemscope\" itemtype=\"https:\/\/schema.org\/CreativeWork\" ><div class='avia_textblock'  itemprop=\"text\" >\n<div class=\"wpcf7 no-js\" id=\"wpcf7-f1411-o1\" lang=\"en-US\" dir=\"ltr\" data-wpcf7-id=\"1411\">\n<div class=\"screen-reader-response\"><p role=\"status\" aria-live=\"polite\" aria-atomic=\"true\"><\/p> <ul><\/ul><\/div>\n<form action=\"\/es\/wp-json\/wp\/v2\/pages\/727#wpcf7-f1411-o1\" method=\"post\" class=\"wpcf7-form init\" aria-label=\"Contact form\" novalidate=\"novalidate\" data-status=\"init\">\n<fieldset class=\"hidden-fields-container\"><input type=\"hidden\" name=\"_wpcf7\" value=\"1411\" \/><input type=\"hidden\" name=\"_wpcf7_version\" value=\"6.1.2\" \/><input type=\"hidden\" name=\"_wpcf7_locale\" value=\"en_US\" \/><input type=\"hidden\" name=\"_wpcf7_unit_tag\" value=\"wpcf7-f1411-o1\" \/><input type=\"hidden\" name=\"_wpcf7_container_post\" value=\"0\" \/><input type=\"hidden\" name=\"_wpcf7_posted_data_hash\" value=\"\" \/>\n<\/fieldset>\n<p><span class=\"wpcf7-form-control-wrap\" data-name=\"your-name\"><input size=\"40\" maxlength=\"400\" class=\"wpcf7-form-control wpcf7-text wpcf7-validates-as-required\" aria-required=\"true\" aria-invalid=\"false\" placeholder=\"Nombre*\" value=\"\" type=\"text\" name=\"your-name\" \/><\/span>\n<\/p>\n<p><span class=\"wpcf7-form-control-wrap\" data-name=\"your-email\"><input size=\"40\" maxlength=\"400\" class=\"wpcf7-form-control wpcf7-email wpcf7-validates-as-required wpcf7-text wpcf7-validates-as-email\" aria-required=\"true\" aria-invalid=\"false\" placeholder=\"Correo electr\u00f3nico*\" value=\"\" type=\"email\" name=\"your-email\" \/><\/span>\n<\/p>\n<p><span class=\"wpcf7-form-control-wrap\" data-name=\"your-subject\"><input size=\"40\" maxlength=\"400\" class=\"wpcf7-form-control wpcf7-text wpcf7-validates-as-required\" aria-required=\"true\" aria-invalid=\"false\" placeholder=\"Asunto*\" value=\"\" type=\"text\" name=\"your-subject\" \/><\/span>\n<\/p>\n<p><span class=\"wpcf7-form-control-wrap\" data-name=\"your-message\"><textarea cols=\"40\" rows=\"10\" maxlength=\"2000\" class=\"wpcf7-form-control wpcf7-textarea\" aria-invalid=\"false\" placeholder=\"Mensaje*\" name=\"your-message\"><\/textarea><\/span>\n<\/p>\n<p>Protecci\u00f3n contra spam\n<\/p>\n<p>\u00bfQu\u00e9 d\u00eda de la semana viene despu\u00e9s de <span class=\"wpcf7-form-control-wrap\" data-name=\"Tag\"><label><span class=\"wpcf7-quiz-label\">S\u00e1bado ?<\/span> <input size=\"10\" maxlength=\"10\" class=\"wpcf7-form-control wpcf7-quiz field\" autocomplete=\"off\" aria-required=\"true\" aria-invalid=\"false\" type=\"text\" name=\"Tag\" \/><\/label><input type=\"hidden\" name=\"_wpcf7_quiz_answer_Tag\" value=\"10cf4df32a68246de679481fdd3de570\" \/><\/span>\n<\/p>\n<p><span class=\"wpcf7-form-control-wrap\" data-name=\"acceptance-32\"><span class=\"wpcf7-form-control wpcf7-acceptance\"><span class=\"wpcf7-list-item\"><input type=\"checkbox\" name=\"acceptance-32\" value=\"1\" aria-invalid=\"false\" \/><\/span><\/span><\/span><small>Al rellenar y enviar este formulario, acepta nuestra <a target=\"_blanck\" title=\"pol\u00edtica de privacidad\" href=\"https:\/\/www.eurasia-con.com\/disclaimer\/\"><u>pol\u00edtica de privacidad<\/u>.<\/a><\/small>\n<\/p>\n<p><input class=\"wpcf7-form-control wpcf7-submit has-spinner\" type=\"submit\" value=\"Enviar\" \/>\n<\/p><div class=\"wpcf7-response-output\" aria-hidden=\"true\"><\/div>\n<\/form>\n<\/div>\n\n<\/div><\/section><\/div>\n","protected":false},"excerpt":{"rendered":"","protected":false},"author":1,"featured_media":1043,"parent":0,"menu_order":90,"comment_status":"closed","ping_status":"closed","template":"","meta":{"footnotes":""},"class_list":["post-727","page","type-page","status-publish","has-post-thumbnail","hentry"],"_links":{"self":[{"href":"https:\/\/www.eurasia-con.com\/es\/wp-json\/wp\/v2\/pages\/727","targetHints":{"allow":["GET"]}}],"collection":[{"href":"https:\/\/www.eurasia-con.com\/es\/wp-json\/wp\/v2\/pages"}],"about":[{"href":"https:\/\/www.eurasia-con.com\/es\/wp-json\/wp\/v2\/types\/page"}],"author":[{"embeddable":true,"href":"https:\/\/www.eurasia-con.com\/es\/wp-json\/wp\/v2\/users\/1"}],"replies":[{"embeddable":true,"href":"https:\/\/www.eurasia-con.com\/es\/wp-json\/wp\/v2\/comments?post=727"}],"version-history":[{"count":6,"href":"https:\/\/www.eurasia-con.com\/es\/wp-json\/wp\/v2\/pages\/727\/revisions"}],"predecessor-version":[{"id":1412,"href":"https:\/\/www.eurasia-con.com\/es\/wp-json\/wp\/v2\/pages\/727\/revisions\/1412"}],"wp:featuredmedia":[{"embeddable":true,"href":"https:\/\/www.eurasia-con.com\/es\/wp-json\/wp\/v2\/media\/1043"}],"wp:attachment":[{"href":"https:\/\/www.eurasia-con.com\/es\/wp-json\/wp\/v2\/media?parent=727"}],"curies":[{"name":"wp","href":"https:\/\/api.w.org\/{rel}","templated":true}]}}