{"id":711,"date":"2020-06-04T12:11:40","date_gmt":"2020-06-04T12:11:40","guid":{"rendered":"https:\/\/www.sott-media.de\/kunden\/kunde11\/?page_id=711"},"modified":"2020-10-23T15:20:14","modified_gmt":"2020-10-23T13:20:14","slug":"puntos-culminantes-economicos-y-financieros","status":"publish","type":"page","link":"https:\/\/www.eurasia-con.com\/es\/puntos-culminantes-economicos-y-financieros\/","title":{"rendered":"Puntos Culminantes Econ\u00f3micos y Financieros"},"content":{"rendered":"\n<style type=\"text\/css\" data-created_by=\"avia_inline_auto\" id=\"style-css-av-kewziknl-1dbbf47c6204b63770cc028377eeb7a5\">\n#top .av-special-heading.av-kewziknl-1dbbf47c6204b63770cc028377eeb7a5{\npadding-bottom:10px;\n}\nbody .av-special-heading.av-kewziknl-1dbbf47c6204b63770cc028377eeb7a5 .av-special-heading-tag .heading-char{\nfont-size:25px;\n}\n.av-special-heading.av-kewziknl-1dbbf47c6204b63770cc028377eeb7a5 .av-subheading{\nfont-size:15px;\n}\n<\/style>\n<div  class='av-special-heading av-kewziknl-1dbbf47c6204b63770cc028377eeb7a5 av-special-heading-h1 blockquote modern-quote  avia-builder-el-0  el_before_av_one_half  avia-builder-el-first '><h1 class='av-special-heading-tag '  itemprop=\"headline\"  >Puntos Culminantes Econ\u00f3micos y Financieros<\/h1><div class=\"special-heading-border\"><div class=\"special-heading-inner-border\"><\/div><\/div><\/div>\n\n<style type=\"text\/css\" data-created_by=\"avia_inline_auto\" id=\"style-css-av-gh9st-6138ebcb772d661896659b28a6023699\">\n.flex_column.av-gh9st-6138ebcb772d661896659b28a6023699{\nborder-radius:0px 0px 0px 0px;\npadding:0px 0px 0px 0px;\n}\n<\/style>\n<div  class='flex_column av-gh9st-6138ebcb772d661896659b28a6023699 av_one_half  avia-builder-el-1  el_after_av_heading  el_before_av_one_half  first flex_column_div av-zero-column-padding  '     ><section  class='av_textblock_section av-boxbr-e8ecc6450c1459739a021c9746ef4804 '   itemscope=\"itemscope\" itemtype=\"https:\/\/schema.org\/CreativeWork\" ><div class='avia_textblock'  itemprop=\"text\" ><p>Nuestro de cuatro-ruedas-campa\u00f1a-tractor ofrece<\/p>\n<ul>\n<li>los aumentos significativos de productividad para la Industria Agr\u00edcola<\/li>\n<li>el manejo y el transporte m\u00e1s r\u00e1pido y mejorado de cosechas cosechadas de mano<\/li>\n<li>el da\u00f1o liberta las cosechas<\/li>\n<li>virtualmente costos asociados eliminados<\/li>\n<\/ul>\n<p>Nuestro Sistema liquida ya con un \u00e1rea de plantaci\u00f3n de 2ha s\u00f3lo, pero el potencial para economizar se aumenta como el tama\u00f1o del \u00e1rea del cosecha hace.<\/p>\n<p>Depende al tama\u00f1o del \u00e1rea del cosecha, una amortizaci\u00f3n de la inversi\u00f3n se puede alcanzar despu\u00e9s temprano 10 meses y \u00faltimos 2 a\u00f1os de la operaci\u00f3n.<\/p>\n<\/div><\/section><\/div>\n\n<style type=\"text\/css\" data-created_by=\"avia_inline_auto\" id=\"style-css-av-7f179-f0967e82234b6011032ca88e6f324630\">\n.flex_column.av-7f179-f0967e82234b6011032ca88e6f324630{\nborder-radius:0px 0px 0px 0px;\npadding:0px 0px 0px 0px;\n}\n<\/style>\n<div  class='flex_column av-7f179-f0967e82234b6011032ca88e6f324630 av_one_half  avia-builder-el-3  el_after_av_one_half  avia-builder-el-last  flex_column_div av-zero-column-padding  '     ><style type=\"text\/css\" data-created_by=\"avia_inline_auto\" id=\"style-css-av-kewz6dx8-8c103c5f9ba8c612807196468093679b\">\n.avia-image-container.av-kewz6dx8-8c103c5f9ba8c612807196468093679b img.avia_image{\nbox-shadow:none;\n}\n.avia-image-container.av-kewz6dx8-8c103c5f9ba8c612807196468093679b .av-image-caption-overlay-center{\ncolor:#ffffff;\n}\n<\/style>\n<div  class='avia-image-container av-kewz6dx8-8c103c5f9ba8c612807196468093679b av-styling- avia-align-center  avia-builder-el-4  avia-builder-el-no-sibling '   itemprop=\"image\" itemscope=\"itemscope\" itemtype=\"https:\/\/schema.org\/ImageObject\" ><div class=\"avia-image-container-inner\"><div class=\"avia-image-overlay-wrap\"><img decoding=\"async\" fetchpriority=\"high\" class='wp-image-1005 avia-img-lazy-loading-not-1005 avia_image ' src=\"https:\/\/www.eurasia-con.com\/wp-content\/uploads\/03-BananaTrac-FieldTest2-495x400.jpg\" alt='Puntos Culminantes Econ\u00f3micos y Financieros' title='Puntos Culminantes Econ\u00f3micos y Financieros'  height=\"400\" width=\"495\"  itemprop=\"thumbnailUrl\" srcset=\"https:\/\/www.eurasia-con.com\/wp-content\/uploads\/03-BananaTrac-FieldTest2-495x400.jpg 495w, https:\/\/www.eurasia-con.com\/wp-content\/uploads\/03-BananaTrac-FieldTest2-845x684.jpg 845w\" sizes=\"(max-width: 495px) 100vw, 495px\" \/><\/div><\/div><\/div><\/div>\n","protected":false},"excerpt":{"rendered":"","protected":false},"author":1,"featured_media":998,"parent":0,"menu_order":50,"comment_status":"closed","ping_status":"closed","template":"","meta":{"footnotes":""},"class_list":["post-711","page","type-page","status-publish","has-post-thumbnail","hentry"],"_links":{"self":[{"href":"https:\/\/www.eurasia-con.com\/es\/wp-json\/wp\/v2\/pages\/711","targetHints":{"allow":["GET"]}}],"collection":[{"href":"https:\/\/www.eurasia-con.com\/es\/wp-json\/wp\/v2\/pages"}],"about":[{"href":"https:\/\/www.eurasia-con.com\/es\/wp-json\/wp\/v2\/types\/page"}],"author":[{"embeddable":true,"href":"https:\/\/www.eurasia-con.com\/es\/wp-json\/wp\/v2\/users\/1"}],"replies":[{"embeddable":true,"href":"https:\/\/www.eurasia-con.com\/es\/wp-json\/wp\/v2\/comments?post=711"}],"version-history":[{"count":7,"href":"https:\/\/www.eurasia-con.com\/es\/wp-json\/wp\/v2\/pages\/711\/revisions"}],"predecessor-version":[{"id":1226,"href":"https:\/\/www.eurasia-con.com\/es\/wp-json\/wp\/v2\/pages\/711\/revisions\/1226"}],"wp:featuredmedia":[{"embeddable":true,"href":"https:\/\/www.eurasia-con.com\/es\/wp-json\/wp\/v2\/media\/998"}],"wp:attachment":[{"href":"https:\/\/www.eurasia-con.com\/es\/wp-json\/wp\/v2\/media?parent=711"}],"curies":[{"name":"wp","href":"https:\/\/api.w.org\/{rel}","templated":true}]}}