{"id":701,"date":"2020-06-04T12:08:10","date_gmt":"2020-06-04T12:08:10","guid":{"rendered":"https:\/\/www.sott-media.de\/kunden\/kunde11\/?page_id=701"},"modified":"2020-10-23T15:19:43","modified_gmt":"2020-10-23T13:19:43","slug":"compostaje","status":"publish","type":"page","link":"https:\/\/www.eurasia-con.com\/es\/compostaje\/","title":{"rendered":"Compostaje"},"content":{"rendered":"\n<style type=\"text\/css\" data-created_by=\"avia_inline_auto\" id=\"style-css-av-av_heading-d9a6a3fe05db7f0e5f19eb9c1930533e\">\n#top .av-special-heading.av-av_heading-d9a6a3fe05db7f0e5f19eb9c1930533e{\npadding-bottom:10px;\n}\nbody .av-special-heading.av-av_heading-d9a6a3fe05db7f0e5f19eb9c1930533e .av-special-heading-tag .heading-char{\nfont-size:25px;\n}\n.av-special-heading.av-av_heading-d9a6a3fe05db7f0e5f19eb9c1930533e .av-subheading{\nfont-size:15px;\n}\n<\/style>\n<div  class='av-special-heading av-av_heading-d9a6a3fe05db7f0e5f19eb9c1930533e av-special-heading-h1 blockquote modern-quote  avia-builder-el-0  el_before_av_video  avia-builder-el-first '><h1 class='av-special-heading-tag '  itemprop=\"headline\"  >Compostaje<\/h1><div class=\"special-heading-border\"><div class=\"special-heading-inner-border\"><\/div><\/div><\/div>\n\n<style type=\"text\/css\" data-created_by=\"avia_inline_auto\" id=\"style-css-av-kb0vcy2u-05ab0fc60cd57714e19c2dcb0f637079\">\n.avia-video.av-kb0vcy2u-05ab0fc60cd57714e19c2dcb0f637079{\nbackground-image:url(https:\/\/www.eurasia-con.com\/wp-content\/uploads\/14102e49ee.jpg);\n}\n<\/style>\n<div  class='avia-video av-kb0vcy2u-05ab0fc60cd57714e19c2dcb0f637079 avia-video-16-9 av-preview-image avia-video-load-always avia-video-html5'  itemprop=\"video\" itemtype=\"https:\/\/schema.org\/VideoObject\"  data-original_url='https:\/\/www.eurasia-con.com\/wp-content\/uploads\/2010e15compost.mp4'><video class='avia_video' poster=\"https:\/\/www.eurasia-con.com\/wp-content\/uploads\/14102e49ee.jpg\"   preload=\"auto\"  controls id='player_701_1054540986_735248562'><source src='https:\/\/www.eurasia-con.com\/wp-content\/uploads\/2010e15compost.mp4' type='video\/mp4' \/><\/video><\/div>\n<section  class='av_textblock_section av-b7ucg-9af2dabee31cd8e7b59037a54f07c3bb '   itemscope=\"itemscope\" itemtype=\"https:\/\/schema.org\/CreativeWork\" ><div class='avia_textblock'  itemprop=\"text\" ><p style=\"text-align: center;\"><strong>Compostaje presentaci\u00f3n (PDF 0,3 MB)<\/strong><\/p>\n<\/div><\/section>\n<section  class='av_textblock_section av-b7ucg-9af2dabee31cd8e7b59037a54f07c3bb '   itemscope=\"itemscope\" itemtype=\"https:\/\/schema.org\/CreativeWork\" ><div class='avia_textblock'  itemprop=\"text\" ><p>Compostaje \/ Soluciones del Sistema<\/p>\n<\/div><\/section>\n\n<style type=\"text\/css\" data-created_by=\"avia_inline_auto\" id=\"style-css-av-kb0vf9gq-706f07abbe04618f49a9ae2d390c424b\">\n.avia-image-container.av-kb0vf9gq-706f07abbe04618f49a9ae2d390c424b img.avia_image{\nbox-shadow:none;\n}\n.avia-image-container.av-kb0vf9gq-706f07abbe04618f49a9ae2d390c424b .av-image-caption-overlay-center{\ncolor:#ffffff;\n}\n<\/style>\n<div  class='avia-image-container av-kb0vf9gq-706f07abbe04618f49a9ae2d390c424b av-styling- av-img-linked avia-align-left  avia-builder-el-4  el_after_av_textblock  el_before_av_textblock '   itemprop=\"image\" itemscope=\"itemscope\" itemtype=\"https:\/\/schema.org\/ImageObject\" ><div class=\"avia-image-container-inner\"><div class=\"avia-image-overlay-wrap\"><a href=\"https:\/\/www.eurasia-con.com\/wp-content\/uploads\/2010highlights-es.pdf\" class='avia_image '  target=\"_blank\"  rel=\"noopener noreferrer\" aria-label='Composting \/ System Solutions'><img decoding=\"async\" fetchpriority=\"high\" class='wp-image-1029 avia-img-lazy-loading-not-1029 avia_image ' src=\"https:\/\/www.eurasia-con.com\/wp-content\/uploads\/14102e49ee.jpg\" alt='Composting \/ System Solutions' title='Composting \/ System Solutions'  height=\"225\" width=\"300\"  itemprop=\"thumbnailUrl\"  \/><\/a><\/div><\/div><\/div>\n<section  class='av_textblock_section av-b7ucg-9af2dabee31cd8e7b59037a54f07c3bb '   itemscope=\"itemscope\" itemtype=\"https:\/\/schema.org\/CreativeWork\" ><div class='avia_textblock'  itemprop=\"text\" ><p>d\u00e9 al bot\u00f3n izquierdo del rat\u00f3n p\/ m\u00e1s informaciones<\/p>\n<\/div><\/section>\n","protected":false},"excerpt":{"rendered":"","protected":false},"author":1,"featured_media":1029,"parent":0,"menu_order":30,"comment_status":"closed","ping_status":"closed","template":"","meta":{"footnotes":""},"class_list":["post-701","page","type-page","status-publish","has-post-thumbnail","hentry"],"_links":{"self":[{"href":"https:\/\/www.eurasia-con.com\/es\/wp-json\/wp\/v2\/pages\/701","targetHints":{"allow":["GET"]}}],"collection":[{"href":"https:\/\/www.eurasia-con.com\/es\/wp-json\/wp\/v2\/pages"}],"about":[{"href":"https:\/\/www.eurasia-con.com\/es\/wp-json\/wp\/v2\/types\/page"}],"author":[{"embeddable":true,"href":"https:\/\/www.eurasia-con.com\/es\/wp-json\/wp\/v2\/users\/1"}],"replies":[{"embeddable":true,"href":"https:\/\/www.eurasia-con.com\/es\/wp-json\/wp\/v2\/comments?post=701"}],"version-history":[{"count":5,"href":"https:\/\/www.eurasia-con.com\/es\/wp-json\/wp\/v2\/pages\/701\/revisions"}],"predecessor-version":[{"id":1333,"href":"https:\/\/www.eurasia-con.com\/es\/wp-json\/wp\/v2\/pages\/701\/revisions\/1333"}],"wp:featuredmedia":[{"embeddable":true,"href":"https:\/\/www.eurasia-con.com\/es\/wp-json\/wp\/v2\/media\/1029"}],"wp:attachment":[{"href":"https:\/\/www.eurasia-con.com\/es\/wp-json\/wp\/v2\/media?parent=701"}],"curies":[{"name":"wp","href":"https:\/\/api.w.org\/{rel}","templated":true}]}}